{"id":1707,"date":"2024-06-14T13:51:56","date_gmt":"2024-06-14T13:51:56","guid":{"rendered":"https:\/\/enkante.eus\/index.php\/mi-cuenta\/"},"modified":"2024-08-21T09:13:32","modified_gmt":"2024-08-21T09:13:32","slug":"mi-cuenta","status":"publish","type":"page","link":"https:\/\/enkante.eus\/es\/mi-cuenta\/","title":{"rendered":"Mi cuenta"},"content":{"rendered":"<p>La solicitud de esta tarjeta de cr\u00e9dito se hace para garantizar el pago, en caso de que usted sea la persona ganadora de la subasta. Se hace con el sistema seguro que nos aporta la infraestructura de pagos online STRIPE ( <a href=\"https:\/\/stripe.com\/es\">https:\/\/stripe.com\/es<\/a>), y son ellos los depositarios de tus datos. Hogeitabi SL, ni accede, ni conserva dato alguno de su tarjeta de cr\u00e9dito. En caso de ser la persona ganadora inmediatamente se le cobrar\u00e1 un 10% del importe de la puja m\u00e1xima de su tarjeta a la espera de la transferencia del restante 90% por transferencia bancaria que se le informar\u00e1 en su caso.<\/p>\n\n\n<div class=\"woocommerce\"><\/div>","protected":false},"excerpt":{"rendered":"<p>Kreditu-txartel hau eskatzen da ordainketa bermatzeko, enkantea irabazle suertatzen bazara. Ordainketa bermatzeko STRIPE ordainketa online plataformaren segurtasun-sistemaren bidez egiten da, https:\/\/stripe.com\/es, eta haiek dira zure datuen gordailuzainak. Hogeitabi SL-k ez du zure kreditu-txartelaren datuetara sartzen, ez eta daturik gordetzen ere. Irabazle suertatzen bazara, zure txarteletik gehienezko puja-prezioaren %10 berehala kobratuko da, eta gainerako %90aren transferentzia &#8230; <a title=\"Mi cuenta\" class=\"read-more\" href=\"https:\/\/enkante.eus\/es\/mi-cuenta\/\" aria-label=\"Leer m\u00e1s sobre Mi cuenta\">Leer m\u00e1s<\/a><\/p>","protected":false},"author":1,"featured_media":0,"parent":0,"menu_order":0,"comment_status":"closed","ping_status":"closed","template":"","meta":{"footnotes":""},"class_list":["post-1707","page","type-page","status-publish"],"_links":{"self":[{"href":"https:\/\/enkante.eus\/es\/wp-json\/wp\/v2\/pages\/1707","targetHints":{"allow":["GET"]}}],"collection":[{"href":"https:\/\/enkante.eus\/es\/wp-json\/wp\/v2\/pages"}],"about":[{"href":"https:\/\/enkante.eus\/es\/wp-json\/wp\/v2\/types\/page"}],"author":[{"embeddable":true,"href":"https:\/\/enkante.eus\/es\/wp-json\/wp\/v2\/users\/1"}],"replies":[{"embeddable":true,"href":"https:\/\/enkante.eus\/es\/wp-json\/wp\/v2\/comments?post=1707"}],"version-history":[{"count":2,"href":"https:\/\/enkante.eus\/es\/wp-json\/wp\/v2\/pages\/1707\/revisions"}],"predecessor-version":[{"id":1954,"href":"https:\/\/enkante.eus\/es\/wp-json\/wp\/v2\/pages\/1707\/revisions\/1954"}],"wp:attachment":[{"href":"https:\/\/enkante.eus\/es\/wp-json\/wp\/v2\/media?parent=1707"}],"curies":[{"name":"wp","href":"https:\/\/api.w.org\/{rel}","templated":true}]}}