{"id":1965,"date":"2024-08-21T10:00:24","date_gmt":"2024-08-21T10:00:24","guid":{"rendered":"https:\/\/enkante.eus\/?page_id=1965"},"modified":"2024-08-21T10:03:00","modified_gmt":"2024-08-21T10:03:00","slug":"gazten-enkantean-parte-hartzeko-baldintzak","status":"publish","type":"page","link":"https:\/\/enkante.eus\/es\/gazten-enkantean-parte-hartzeko-baldintzak\/","title":{"rendered":"Condiciones de Participaci\u00f3n en la Subasta de Quesos"},"content":{"rendered":"<h2 class=\"wp-block-heading\">1. Objeto<\/h2>\n\n\n\n<p>El presente documento establece los t\u00e9rminos y condiciones que regir\u00e1n la participaci\u00f3n de los usuarios en las subastas organizadas a trav\u00e9s de nuestra plataforma web dedicada a la subasta de quesos del Concurso de Queso Idiazabal de Ordizia (en adelante, \"la Plataforma\"). La participaci\u00f3n en las subastas implica la aceptaci\u00f3n plena y sin reservas de todas las disposiciones incluidas en este documento.<\/p>\n\n\n\n<h2 class=\"wp-block-heading\">2. Requisitos para Participar<\/h2>\n\n\n\n<p>Podr\u00e1n participar en las subastas \u00fanicamente personas f\u00edsicas mayores de 18 a\u00f1os o personas jur\u00eddicas debidamente constituidas, que se registren en la Plataforma proporcionando todos los datos solicitados de manera veraz y completa.<\/p>\n\n\n\n<h2 class=\"wp-block-heading\">3. Registro en la Plataforma<\/h2>\n\n\n\n<p>El usuario deber\u00e1 registrarse en la Plataforma mediante la cumplimentaci\u00f3n del formulario de inscripci\u00f3n, en el cual se le requerir\u00e1 proporcionar ciertos datos personales y una tarjeta de cr\u00e9dito. El usuario se compromete a mantener dichos datos actualizados y a informar de cualquier cambio. El acceso a la Plataforma y la participaci\u00f3n en las subastas est\u00e1 condicionada al correcto registro.<\/p>\n\n\n\n<h2 class=\"wp-block-heading\">4. Funcionamiento de la Subasta<\/h2>\n\n\n\n<p>Las subastas se celebrar\u00e1 de forma virtual y presencial en tiempo real. Por un lado los presentes en el evento del Concurso de Queso Idiazabal de Ordizia y por otro los asistentes a la videoconferencia convocada al efecto. Tendr\u00e1 una duraci\u00f3n y unas condiciones espec\u00edficas que ser\u00e1n establecidas para cada caso concreto y estar\u00e1n disponibles para su consulta antes del inicio de la subasta. Los usuarios podr\u00e1n realizar ofertas en los productos subastados durante el periodo de tiempo que dure la subasta, presencialmente o virtualmente por el chat de la videoconferencia. La oferta m\u00e1s alta al cierre de la subasta ser\u00e1 considerada la ganadora, oblig\u00e1ndose el oferente a la compra del producto. Si el ganador es un participante virtual, se le cargar\u00e1 inmediatamente un 10% en su tarjeta de cr\u00e9dito del importe del queso ganador.<\/p>\n\n\n\n<h2 class=\"wp-block-heading\">5. Obligaciones del Usuario<\/h2>\n\n\n\n<p>Al participar en una subasta, el usuario se obliga a:<\/p>\n\n\n\n<ul class=\"wp-block-list\">\n<li>Cumplir con todas las condiciones establecidas en el presente documento y en las condiciones espec\u00edficas de cada subasta.<\/li>\n\n\n\n<li>Realizar \u00fanicamente ofertas que est\u00e9 dispuesto y sea capaz de cumplir.<\/li>\n\n\n\n<li>Abonar el precio final de adjudicaci\u00f3n del producto subastado, m\u00e1s los gastos adicionales que puedan ser aplicables, en el plazo y forma establecidos.<\/li>\n<\/ul>\n\n\n\n<h2 class=\"wp-block-heading\">6. Prohibiciones<\/h2>\n\n\n\n<p>Queda expresamente prohibido:<\/p>\n\n\n\n<ul class=\"wp-block-list\">\n<li>Manipular el desarrollo de la subasta mediante conductas fraudulentas.<\/li>\n\n\n\n<li>Realizar ofertas en nombre de terceros sin su consentimiento expreso.<\/li>\n\n\n\n<li>Emplear identidades falsas o suplantar la identidad de otros usuarios.<\/li>\n<\/ul>\n\n\n\n<h2 class=\"wp-block-heading\">7. Formalizaci\u00f3n de la Compra<\/h2>\n\n\n\n<p>Una vez finalizada la subasta, el usuario ganador recibir\u00e1 una notificaci\u00f3n a trav\u00e9s de la Plataforma, con los detalles para proceder al pago por transferencia del resto (excluido el 10% abonado con tarjeta de cr\u00e9dito) y a la recepci\u00f3n del producto. La compra se entender\u00e1 formalizada una vez confirmado el pago por parte del usuario.<\/p>\n\n\n\n<h2 class=\"wp-block-heading\">8. Derechos del Organizador<\/h2>\n\n\n\n<p>La Plataforma se reserva el derecho de cancelar o modificar las subastas, as\u00ed como de suspender temporal o definitivamente la cuenta de un usuario en caso de incumplimiento de las presentes condiciones.<\/p>\n\n\n\n<h2 class=\"wp-block-heading\">9. Responsabilidad<\/h2>\n\n\n\n<p>La Plataforma no ser\u00e1 responsable por cualquier da\u00f1o o perjuicio que pueda derivarse del uso indebido de la misma, ni por las posibles incidencias que puedan ocurrir durante el desarrollo de las subastas.<\/p>\n\n\n\n<h2 class=\"wp-block-heading\">10. Modificaci\u00f3n de las Condiciones<\/h2>\n\n\n\n<p>La Plataforma se reserva el derecho a modificar en cualquier momento las presentes condiciones, notificando a los usuarios con antelaci\u00f3n suficiente para que puedan decidir si desean continuar participando en las subastas.<\/p>\n\n\n\n<h2 class=\"wp-block-heading\">11. Ley Aplicable y Jurisdicci\u00f3n<\/h2>\n\n\n\n<p>Las presentes condiciones se regir\u00e1n e interpretar\u00e1n de acuerdo con la legislaci\u00f3n espa\u00f1ola. Para la resoluci\u00f3n de cualquier controversia que pudiera derivarse de la participaci\u00f3n en las subastas, las partes se someten a los Juzgados y Tribunales de la ciudad de Tolosa.<\/p>","protected":false},"excerpt":{"rendered":"<p>1. Jardunaldia Xedea Dokumentu honetan, Ordiziako Idiazabal Gazta Lehiaketako (aurrerantzean, &#8220;Plataforma&#8221;) gazta-enkanteari buruzko gure web-plataformaren bidez antolatutako enkanteetan erabiltzaileek izango duten parte-hartzea arautuko duten baldintzak ezartzen dira. Enkanteetan parte hartzeak esan nahi du dokumentu honetan jasotako xedapen guztiak erabat eta baldintzarik gabe onartzen direla. 2. Parte hartzeko baldintzak 18 urtetik gorako pertsona fisikoek edo behar &#8230; <a title=\"Condiciones de Participaci\u00f3n en la Subasta de Quesos\" class=\"read-more\" href=\"https:\/\/enkante.eus\/es\/gazten-enkantean-parte-hartzeko-baldintzak\/\" aria-label=\"Leer m\u00e1s sobre Gazten enkantean parte hartzeko baldintzak\">Leer m\u00e1s<\/a><\/p>","protected":false},"author":1,"featured_media":0,"parent":0,"menu_order":0,"comment_status":"closed","ping_status":"closed","template":"","meta":{"footnotes":""},"class_list":["post-1965","page","type-page","status-publish"],"_links":{"self":[{"href":"https:\/\/enkante.eus\/es\/wp-json\/wp\/v2\/pages\/1965","targetHints":{"allow":["GET"]}}],"collection":[{"href":"https:\/\/enkante.eus\/es\/wp-json\/wp\/v2\/pages"}],"about":[{"href":"https:\/\/enkante.eus\/es\/wp-json\/wp\/v2\/types\/page"}],"author":[{"embeddable":true,"href":"https:\/\/enkante.eus\/es\/wp-json\/wp\/v2\/users\/1"}],"replies":[{"embeddable":true,"href":"https:\/\/enkante.eus\/es\/wp-json\/wp\/v2\/comments?post=1965"}],"version-history":[{"count":2,"href":"https:\/\/enkante.eus\/es\/wp-json\/wp\/v2\/pages\/1965\/revisions"}],"predecessor-version":[{"id":1967,"href":"https:\/\/enkante.eus\/es\/wp-json\/wp\/v2\/pages\/1965\/revisions\/1967"}],"wp:attachment":[{"href":"https:\/\/enkante.eus\/es\/wp-json\/wp\/v2\/media?parent=1965"}],"curies":[{"name":"wp","href":"https:\/\/api.w.org\/{rel}","templated":true}]}}